{"id":8673,"date":"2024-01-23T17:14:42","date_gmt":"2024-01-23T16:14:42","guid":{"rendered":"https:\/\/dev.thepaddlesportshow.com.srv04.kairios.fr\/?page_id=8673"},"modified":"2024-02-20T13:51:35","modified_gmt":"2024-02-20T12:51:35","slug":"2024-paddlers-guide","status":"publish","type":"page","link":"https:\/\/dev.thepaddlesportshow.com.srv04.kairios.fr\/fr\/2024-paddlers-guide\/","title":{"rendered":"2024 Paddler&#8217;s Guide"},"content":{"rendered":"<div data-elementor-type=\"wp-page\" data-elementor-id=\"8673\" class=\"elementor elementor-8673\" data-elementor-post-type=\"page\">\n\t\t\t\t\t\t<section class=\"elementor-section elementor-top-section elementor-element elementor-element-6342eb6 elementor-section-full_width elementor-section-content-middle elementor-section-stretched elementor-section-height-default elementor-section-height-default\" data-id=\"6342eb6\" data-element_type=\"section\" data-settings=\"{&quot;stretch_section&quot;:&quot;section-stretched&quot;}\">\n\t\t\t\t\t\t<div class=\"elementor-container elementor-column-gap-default\">\n\t\t\t\t\t<div class=\"elementor-column elementor-col-33 elementor-top-column elementor-element elementor-element-641ce53\" data-id=\"641ce53\" data-element_type=\"column\" data-settings=\"{&quot;background_background&quot;:&quot;classic&quot;}\">\n\t\t\t<div class=\"elementor-widget-wrap elementor-element-populated\">\n\t\t\t\t\t\t<div class=\"elementor-element elementor-element-c0a2e98 elementor-widget elementor-widget-heading\" data-id=\"c0a2e98\" data-element_type=\"widget\" data-settings=\"{&quot;ekit_we_effect_on&quot;:&quot;none&quot;}\" data-widget_type=\"heading.default\">\n\t\t\t\t<div class=\"elementor-widget-container\">\n\t\t\t\t\t<h2 class=\"elementor-heading-title elementor-size-default\">\u00c0 propos du Guide Annuel du Pagayeur du Paddle Sports Show<\/h2>\t\t\t\t<\/div>\n\t\t\t\t<\/div>\n\t\t\t\t<div class=\"elementor-element elementor-element-dfa754f elementor-widget-divider--view-line elementor-widget elementor-widget-divider\" data-id=\"dfa754f\" data-element_type=\"widget\" data-settings=\"{&quot;ekit_we_effect_on&quot;:&quot;none&quot;}\" data-widget_type=\"divider.default\">\n\t\t\t\t<div class=\"elementor-widget-container\">\n\t\t\t\t\t\t\t<div class=\"elementor-divider\">\n\t\t\t<span class=\"elementor-divider-separator\">\n\t\t\t\t\t\t<\/span>\n\t\t<\/div>\n\t\t\t\t\t\t<\/div>\n\t\t\t\t<\/div>\n\t\t\t\t<div class=\"elementor-element elementor-element-9748c9d elementor-widget elementor-widget-text-editor\" data-id=\"9748c9d\" data-element_type=\"widget\" data-settings=\"{&quot;ekit_we_effect_on&quot;:&quot;none&quot;}\" data-widget_type=\"text-editor.default\">\n\t\t\t\t<div class=\"elementor-widget-container\">\n\t\t\t\t\t\t\t\t\t<p>Welcome to the 2024 Paddle Sports Show Paddler\u2019s Guide FREE Download page &#8211; based on what was seen at the 2023 edition of the show &#8211; for the 2024 season. You have the option to either check the 2024 Paddler\u2019s Guide through our flip book on this page, or download it. If you choose to download, note that you can either <a href=\"https:\/\/dev.thepaddlesportshow.com.srv04.kairios.fr\/wp-content\/uploads\/2024\/02\/Paddlers-Guide_2024.pdf\" target=\"_blank\" rel=\"noopener\"><span style=\"color: #5f488a;\"><strong>t\u00e9l\u00e9charger le guide complet<\/strong><\/span><\/a>, soit le t\u00e9l\u00e9charger par cat\u00e9gorie (dans ce cas, cliquez sur les images de la cat\u00e9gorie que vous souhaitez t\u00e9l\u00e9charger ci-dessous).<\/p>\t\t\t\t\t\t\t\t<\/div>\n\t\t\t\t<\/div>\n\t\t\t\t\t<\/div>\n\t\t<\/div>\n\t\t\t\t<div class=\"elementor-column elementor-col-66 elementor-top-column elementor-element elementor-element-c71b612\" data-id=\"c71b612\" data-element_type=\"column\">\n\t\t\t<div class=\"elementor-widget-wrap elementor-element-populated\">\n\t\t\t\t\t\t<div class=\"elementor-element elementor-element-a73a2bd elementor-widget elementor-widget-shortcode\" data-id=\"a73a2bd\" data-element_type=\"widget\" data-settings=\"{&quot;ekit_we_effect_on&quot;:&quot;none&quot;}\" data-widget_type=\"shortcode.default\">\n\t\t\t\t<div class=\"elementor-widget-container\">\n\t\t\t\t\t\t\t<div class=\"elementor-shortcode\"><iframe src=\"https:\/\/player.flipsnack.com?hash=RkQ5OTlEOUM1QTgrY204cjMzcGQxag==\" width=\"100%\" height=\"480\" seamless=\"seamless\" scrolling=\"no\" frameborder=\"0\" allowfullscreen allow=\"autoplay; clipboard-read; clipboard-write\"><\/iframe><\/div>\n\t\t\t\t\t\t<\/div>\n\t\t\t\t<\/div>\n\t\t\t\t\t<\/div>\n\t\t<\/div>\n\t\t\t\t\t<\/div>\n\t\t<\/section>\n\t\t\t\t<section class=\"elementor-section elementor-top-section elementor-element elementor-element-614779c elementor-section-full_width elementor-section-stretched elementor-hidden-tablet elementor-section-height-default elementor-section-height-default\" data-id=\"614779c\" data-element_type=\"section\" data-settings=\"{&quot;stretch_section&quot;:&quot;section-stretched&quot;}\">\n\t\t\t\t\t\t<div class=\"elementor-container elementor-column-gap-extended\">\n\t\t\t\t\t<div class=\"elementor-column elementor-col-25 elementor-top-column elementor-element elementor-element-2537241\" data-id=\"2537241\" data-element_type=\"column\">\n\t\t\t<div class=\"elementor-widget-wrap elementor-element-populated\">\n\t\t\t\t\t\t<div class=\"elementor-element elementor-element-c439d90 elementor-widget elementor-widget-image\" data-id=\"c439d90\" data-element_type=\"widget\" data-settings=\"{&quot;ekit_we_effect_on&quot;:&quot;none&quot;}\" data-widget_type=\"image.default\">\n\t\t\t\t<div class=\"elementor-widget-container\">\n\t\t\t\t\t\t\t\t\t\t\t\t\t\t\t\t<a href=\"https:\/\/dev.thepaddlesportshow.com.srv04.kairios.fr\/wp-content\/uploads\/2024\/02\/Paddlers-Guide_2024_Boats.pdf\" target=\"_blank\">\n\t\t\t\t\t\t\t<img fetchpriority=\"high\" decoding=\"async\" width=\"620\" height=\"350\" src=\"https:\/\/dev.thepaddlesportshow.com.srv04.kairios.fr\/wp-content\/uploads\/2024\/01\/PG2024-vignettes-boats.jpg\" class=\"attachment-large size-large wp-image-8679\" alt=\"\" srcset=\"https:\/\/dev.thepaddlesportshow.com.srv04.kairios.fr\/wp-content\/uploads\/2024\/01\/PG2024-vignettes-boats.jpg 620w, https:\/\/dev.thepaddlesportshow.com.srv04.kairios.fr\/wp-content\/uploads\/2024\/01\/PG2024-vignettes-boats-300x169.jpg 300w, https:\/\/dev.thepaddlesportshow.com.srv04.kairios.fr\/wp-content\/uploads\/2024\/01\/PG2024-vignettes-boats-18x10.jpg 18w\" sizes=\"(max-width: 620px) 100vw, 620px\" \/>\t\t\t\t\t\t\t\t<\/a>\n\t\t\t\t\t\t\t\t\t\t\t\t\t\t\t<\/div>\n\t\t\t\t<\/div>\n\t\t\t\t\t<\/div>\n\t\t<\/div>\n\t\t\t\t<div class=\"elementor-column elementor-col-25 elementor-top-column elementor-element elementor-element-92ced96\" data-id=\"92ced96\" data-element_type=\"column\">\n\t\t\t<div class=\"elementor-widget-wrap elementor-element-populated\">\n\t\t\t\t\t\t<div class=\"elementor-element elementor-element-8db9a5e elementor-widget elementor-widget-image\" data-id=\"8db9a5e\" data-element_type=\"widget\" data-settings=\"{&quot;ekit_we_effect_on&quot;:&quot;none&quot;}\" data-widget_type=\"image.default\">\n\t\t\t\t<div class=\"elementor-widget-container\">\n\t\t\t\t\t\t\t\t\t\t\t\t\t\t\t\t<a href=\"https:\/\/dev.thepaddlesportshow.com.srv04.kairios.fr\/wp-content\/uploads\/2024\/02\/Paddlers-Guide_2024_Boards.pdf\" target=\"_blank\">\n\t\t\t\t\t\t\t<img decoding=\"async\" width=\"620\" height=\"350\" src=\"https:\/\/dev.thepaddlesportshow.com.srv04.kairios.fr\/wp-content\/uploads\/2024\/01\/PG2024-vignettes-boards.jpg\" class=\"attachment-large size-large wp-image-8678\" alt=\"\" srcset=\"https:\/\/dev.thepaddlesportshow.com.srv04.kairios.fr\/wp-content\/uploads\/2024\/01\/PG2024-vignettes-boards.jpg 620w, https:\/\/dev.thepaddlesportshow.com.srv04.kairios.fr\/wp-content\/uploads\/2024\/01\/PG2024-vignettes-boards-300x169.jpg 300w, https:\/\/dev.thepaddlesportshow.com.srv04.kairios.fr\/wp-content\/uploads\/2024\/01\/PG2024-vignettes-boards-18x10.jpg 18w\" sizes=\"(max-width: 620px) 100vw, 620px\" \/>\t\t\t\t\t\t\t\t<\/a>\n\t\t\t\t\t\t\t\t\t\t\t\t\t\t\t<\/div>\n\t\t\t\t<\/div>\n\t\t\t\t\t<\/div>\n\t\t<\/div>\n\t\t\t\t<div class=\"elementor-column elementor-col-25 elementor-top-column elementor-element elementor-element-cb5c385\" data-id=\"cb5c385\" data-element_type=\"column\">\n\t\t\t<div class=\"elementor-widget-wrap elementor-element-populated\">\n\t\t\t\t\t\t<div class=\"elementor-element elementor-element-eb8687c elementor-widget elementor-widget-image\" data-id=\"eb8687c\" data-element_type=\"widget\" data-settings=\"{&quot;ekit_we_effect_on&quot;:&quot;none&quot;}\" data-widget_type=\"image.default\">\n\t\t\t\t<div class=\"elementor-widget-container\">\n\t\t\t\t\t\t\t\t\t\t\t\t\t\t\t\t<a href=\"https:\/\/dev.thepaddlesportshow.com.srv04.kairios.fr\/wp-content\/uploads\/2024\/02\/Paddlers-Guide_2024_paddles.pdf\" target=\"_blank\">\n\t\t\t\t\t\t\t<img decoding=\"async\" width=\"620\" height=\"350\" src=\"https:\/\/dev.thepaddlesportshow.com.srv04.kairios.fr\/wp-content\/uploads\/2024\/01\/PG2024-vignettes-paddles.jpg\" class=\"attachment-large size-large wp-image-8681\" alt=\"\" srcset=\"https:\/\/dev.thepaddlesportshow.com.srv04.kairios.fr\/wp-content\/uploads\/2024\/01\/PG2024-vignettes-paddles.jpg 620w, https:\/\/dev.thepaddlesportshow.com.srv04.kairios.fr\/wp-content\/uploads\/2024\/01\/PG2024-vignettes-paddles-300x169.jpg 300w, https:\/\/dev.thepaddlesportshow.com.srv04.kairios.fr\/wp-content\/uploads\/2024\/01\/PG2024-vignettes-paddles-18x10.jpg 18w\" sizes=\"(max-width: 620px) 100vw, 620px\" \/>\t\t\t\t\t\t\t\t<\/a>\n\t\t\t\t\t\t\t\t\t\t\t\t\t\t\t<\/div>\n\t\t\t\t<\/div>\n\t\t\t\t\t<\/div>\n\t\t<\/div>\n\t\t\t\t<div class=\"elementor-column elementor-col-25 elementor-top-column elementor-element elementor-element-ddce338\" data-id=\"ddce338\" data-element_type=\"column\">\n\t\t\t<div class=\"elementor-widget-wrap elementor-element-populated\">\n\t\t\t\t\t\t<div class=\"elementor-element elementor-element-f5f8a74 elementor-widget elementor-widget-image\" data-id=\"f5f8a74\" data-element_type=\"widget\" data-settings=\"{&quot;ekit_we_effect_on&quot;:&quot;none&quot;}\" data-widget_type=\"image.default\">\n\t\t\t\t<div class=\"elementor-widget-container\">\n\t\t\t\t\t\t\t\t\t\t\t\t\t\t\t\t<a href=\"https:\/\/dev.thepaddlesportshow.com.srv04.kairios.fr\/wp-content\/uploads\/2024\/02\/Paddlers-Guide_2024_Equipment.pdf\" target=\"_blank\">\n\t\t\t\t\t\t\t<img loading=\"lazy\" decoding=\"async\" width=\"620\" height=\"350\" src=\"https:\/\/dev.thepaddlesportshow.com.srv04.kairios.fr\/wp-content\/uploads\/2024\/01\/PG2024-vignettes-equipment.jpg\" class=\"attachment-large size-large wp-image-8680\" alt=\"\" srcset=\"https:\/\/dev.thepaddlesportshow.com.srv04.kairios.fr\/wp-content\/uploads\/2024\/01\/PG2024-vignettes-equipment.jpg 620w, https:\/\/dev.thepaddlesportshow.com.srv04.kairios.fr\/wp-content\/uploads\/2024\/01\/PG2024-vignettes-equipment-300x169.jpg 300w, https:\/\/dev.thepaddlesportshow.com.srv04.kairios.fr\/wp-content\/uploads\/2024\/01\/PG2024-vignettes-equipment-18x10.jpg 18w\" sizes=\"(max-width: 620px) 100vw, 620px\" \/>\t\t\t\t\t\t\t\t<\/a>\n\t\t\t\t\t\t\t\t\t\t\t\t\t\t\t<\/div>\n\t\t\t\t<\/div>\n\t\t\t\t\t<\/div>\n\t\t<\/div>\n\t\t\t\t\t<\/div>\n\t\t<\/section>\n\t\t\t\t<section class=\"elementor-section elementor-top-section elementor-element elementor-element-483e0d1 elementor-section-full_width elementor-section-stretched elementor-hidden-desktop elementor-hidden-phone elementor-section-height-default elementor-section-height-default\" data-id=\"483e0d1\" data-element_type=\"section\" data-settings=\"{&quot;stretch_section&quot;:&quot;section-stretched&quot;}\">\n\t\t\t\t\t\t<div class=\"elementor-container elementor-column-gap-extended\">\n\t\t\t\t\t<div class=\"elementor-column elementor-col-50 elementor-top-column elementor-element elementor-element-444f523\" data-id=\"444f523\" data-element_type=\"column\">\n\t\t\t<div class=\"elementor-widget-wrap elementor-element-populated\">\n\t\t\t\t\t\t<div class=\"elementor-element elementor-element-61a256d elementor-widget elementor-widget-image\" data-id=\"61a256d\" data-element_type=\"widget\" data-settings=\"{&quot;ekit_we_effect_on&quot;:&quot;none&quot;}\" data-widget_type=\"image.default\">\n\t\t\t\t<div class=\"elementor-widget-container\">\n\t\t\t\t\t\t\t\t\t\t\t\t\t\t\t\t<a href=\"https:\/\/www.kayaksession.com\/wp-content\/uploads\/2022\/02\/paddlers-guide-2022_boats.pdf\">\n\t\t\t\t\t\t\t<img loading=\"lazy\" decoding=\"async\" width=\"620\" height=\"350\" src=\"https:\/\/dev.thepaddlesportshow.com.srv04.kairios.fr\/wp-content\/uploads\/2022\/01\/PG2022-vignette-boats.jpg\" class=\"attachment-large size-large wp-image-2899\" alt=\"\" srcset=\"https:\/\/dev.thepaddlesportshow.com.srv04.kairios.fr\/wp-content\/uploads\/2022\/01\/PG2022-vignette-boats.jpg 620w, https:\/\/dev.thepaddlesportshow.com.srv04.kairios.fr\/wp-content\/uploads\/2022\/01\/PG2022-vignette-boats-300x169.jpg 300w, https:\/\/dev.thepaddlesportshow.com.srv04.kairios.fr\/wp-content\/uploads\/2022\/01\/PG2022-vignette-boats-18x10.jpg 18w\" sizes=\"(max-width: 620px) 100vw, 620px\" \/>\t\t\t\t\t\t\t\t<\/a>\n\t\t\t\t\t\t\t\t\t\t\t\t\t\t\t<\/div>\n\t\t\t\t<\/div>\n\t\t\t\t<div class=\"elementor-element elementor-element-13f22a6 elementor-widget elementor-widget-image\" data-id=\"13f22a6\" data-element_type=\"widget\" data-settings=\"{&quot;ekit_we_effect_on&quot;:&quot;none&quot;}\" data-widget_type=\"image.default\">\n\t\t\t\t<div class=\"elementor-widget-container\">\n\t\t\t\t\t\t\t\t\t\t\t\t\t\t\t\t<a href=\"https:\/\/www.kayaksession.com\/wp-content\/uploads\/2022\/02\/paddlers-guide-2022_boards.pdf\">\n\t\t\t\t\t\t\t<img loading=\"lazy\" decoding=\"async\" width=\"620\" height=\"350\" src=\"https:\/\/dev.thepaddlesportshow.com.srv04.kairios.fr\/wp-content\/uploads\/2022\/01\/PG2022-vignette-boards.jpg\" class=\"attachment-large size-large wp-image-2897\" alt=\"\" srcset=\"https:\/\/dev.thepaddlesportshow.com.srv04.kairios.fr\/wp-content\/uploads\/2022\/01\/PG2022-vignette-boards.jpg 620w, https:\/\/dev.thepaddlesportshow.com.srv04.kairios.fr\/wp-content\/uploads\/2022\/01\/PG2022-vignette-boards-300x169.jpg 300w, https:\/\/dev.thepaddlesportshow.com.srv04.kairios.fr\/wp-content\/uploads\/2022\/01\/PG2022-vignette-boards-18x10.jpg 18w\" sizes=\"(max-width: 620px) 100vw, 620px\" \/>\t\t\t\t\t\t\t\t<\/a>\n\t\t\t\t\t\t\t\t\t\t\t\t\t\t\t<\/div>\n\t\t\t\t<\/div>\n\t\t\t\t\t<\/div>\n\t\t<\/div>\n\t\t\t\t<div class=\"elementor-column elementor-col-50 elementor-top-column elementor-element elementor-element-afafd5b\" data-id=\"afafd5b\" data-element_type=\"column\">\n\t\t\t<div class=\"elementor-widget-wrap elementor-element-populated\">\n\t\t\t\t\t\t<div class=\"elementor-element elementor-element-7332439 elementor-widget elementor-widget-image\" data-id=\"7332439\" data-element_type=\"widget\" data-settings=\"{&quot;ekit_we_effect_on&quot;:&quot;none&quot;}\" data-widget_type=\"image.default\">\n\t\t\t\t<div class=\"elementor-widget-container\">\n\t\t\t\t\t\t\t\t\t\t\t\t\t\t\t\t<a href=\"https:\/\/www.kayaksession.com\/wp-content\/uploads\/2022\/02\/paddlers-guide-2022_paddles.pdf\">\n\t\t\t\t\t\t\t<img loading=\"lazy\" decoding=\"async\" width=\"620\" height=\"350\" src=\"https:\/\/dev.thepaddlesportshow.com.srv04.kairios.fr\/wp-content\/uploads\/2022\/01\/PG2022-vignette-paddles.jpg\" class=\"attachment-large size-large wp-image-2903\" alt=\"\" srcset=\"https:\/\/dev.thepaddlesportshow.com.srv04.kairios.fr\/wp-content\/uploads\/2022\/01\/PG2022-vignette-paddles.jpg 620w, https:\/\/dev.thepaddlesportshow.com.srv04.kairios.fr\/wp-content\/uploads\/2022\/01\/PG2022-vignette-paddles-300x169.jpg 300w, https:\/\/dev.thepaddlesportshow.com.srv04.kairios.fr\/wp-content\/uploads\/2022\/01\/PG2022-vignette-paddles-18x10.jpg 18w\" sizes=\"(max-width: 620px) 100vw, 620px\" \/>\t\t\t\t\t\t\t\t<\/a>\n\t\t\t\t\t\t\t\t\t\t\t\t\t\t\t<\/div>\n\t\t\t\t<\/div>\n\t\t\t\t<div class=\"elementor-element elementor-element-0abf9fa elementor-widget elementor-widget-image\" data-id=\"0abf9fa\" data-element_type=\"widget\" data-settings=\"{&quot;ekit_we_effect_on&quot;:&quot;none&quot;}\" data-widget_type=\"image.default\">\n\t\t\t\t<div class=\"elementor-widget-container\">\n\t\t\t\t\t\t\t\t\t\t\t\t\t\t\t\t<a href=\"https:\/\/www.kayaksession.com\/wp-content\/uploads\/2022\/02\/paddlers-guide-2022_equipment.pdf\">\n\t\t\t\t\t\t\t<img loading=\"lazy\" decoding=\"async\" width=\"620\" height=\"350\" src=\"https:\/\/dev.thepaddlesportshow.com.srv04.kairios.fr\/wp-content\/uploads\/2022\/01\/PG2022-vignette-equipment.jpg\" class=\"attachment-large size-large wp-image-2901\" alt=\"\" srcset=\"https:\/\/dev.thepaddlesportshow.com.srv04.kairios.fr\/wp-content\/uploads\/2022\/01\/PG2022-vignette-equipment.jpg 620w, https:\/\/dev.thepaddlesportshow.com.srv04.kairios.fr\/wp-content\/uploads\/2022\/01\/PG2022-vignette-equipment-300x169.jpg 300w, https:\/\/dev.thepaddlesportshow.com.srv04.kairios.fr\/wp-content\/uploads\/2022\/01\/PG2022-vignette-equipment-18x10.jpg 18w\" sizes=\"(max-width: 620px) 100vw, 620px\" \/>\t\t\t\t\t\t\t\t<\/a>\n\t\t\t\t\t\t\t\t\t\t\t\t\t\t\t<\/div>\n\t\t\t\t<\/div>\n\t\t\t\t\t<\/div>\n\t\t<\/div>\n\t\t\t\t\t<\/div>\n\t\t<\/section>\n\t\t\t\t<\/div>","protected":false},"excerpt":{"rendered":"<p>About the Paddle Sports Show Annual Paddler\u2019s Guide Welcome to the 2024 Paddle Sports Show Paddler\u2019s Guide FREE Download page &#8211; based on what was seen at the 2023 edition of the show &#8211; for the 2024 season. You have the option to either check the 2024 Paddler\u2019s Guide through our flip book on this [&hellip;]<\/p>","protected":false},"author":1,"featured_media":2905,"parent":0,"menu_order":0,"comment_status":"closed","ping_status":"closed","template":"elementor_header_footer","meta":{"footnotes":""},"categories":[],"tags":[],"class_list":["post-8673","page","type-page","status-publish","has-post-thumbnail","hentry"],"_links":{"self":[{"href":"https:\/\/dev.thepaddlesportshow.com.srv04.kairios.fr\/fr\/wp-json\/wp\/v2\/pages\/8673","targetHints":{"allow":["GET"]}}],"collection":[{"href":"https:\/\/dev.thepaddlesportshow.com.srv04.kairios.fr\/fr\/wp-json\/wp\/v2\/pages"}],"about":[{"href":"https:\/\/dev.thepaddlesportshow.com.srv04.kairios.fr\/fr\/wp-json\/wp\/v2\/types\/page"}],"author":[{"embeddable":true,"href":"https:\/\/dev.thepaddlesportshow.com.srv04.kairios.fr\/fr\/wp-json\/wp\/v2\/users\/1"}],"replies":[{"embeddable":true,"href":"https:\/\/dev.thepaddlesportshow.com.srv04.kairios.fr\/fr\/wp-json\/wp\/v2\/comments?post=8673"}],"version-history":[{"count":0,"href":"https:\/\/dev.thepaddlesportshow.com.srv04.kairios.fr\/fr\/wp-json\/wp\/v2\/pages\/8673\/revisions"}],"wp:featuredmedia":[{"embeddable":true,"href":"https:\/\/dev.thepaddlesportshow.com.srv04.kairios.fr\/fr\/wp-json\/wp\/v2\/media\/2905"}],"wp:attachment":[{"href":"https:\/\/dev.thepaddlesportshow.com.srv04.kairios.fr\/fr\/wp-json\/wp\/v2\/media?parent=8673"}],"wp:term":[{"taxonomy":"category","embeddable":true,"href":"https:\/\/dev.thepaddlesportshow.com.srv04.kairios.fr\/fr\/wp-json\/wp\/v2\/categories?post=8673"},{"taxonomy":"post_tag","embeddable":true,"href":"https:\/\/dev.thepaddlesportshow.com.srv04.kairios.fr\/fr\/wp-json\/wp\/v2\/tags?post=8673"}],"curies":[{"name":"wp","href":"https:\/\/api.w.org\/{rel}","templated":true}]}}