{"id":3707,"date":"2022-06-22T13:42:09","date_gmt":"2022-06-22T11:42:09","guid":{"rendered":"https:\/\/dev.thepaddlesportshow.com.srv04.kairios.fr\/?page_id=3707"},"modified":"2025-06-12T10:54:23","modified_gmt":"2025-06-12T08:54:23","slug":"visitors-badge","status":"publish","type":"page","link":"https:\/\/dev.thepaddlesportshow.com.srv04.kairios.fr\/de\/visitors-badge\/","title":{"rendered":"Anfrage f\u00fcr Besucherausweise"},"content":{"rendered":"<div data-elementor-type=\"wp-page\" data-elementor-id=\"3707\" class=\"elementor elementor-3707\" data-elementor-post-type=\"page\">\n\t\t\t\t\t\t<section class=\"elementor-section elementor-top-section elementor-element elementor-element-7cfe840 elementor-section-stretched elementor-section-boxed elementor-section-height-default elementor-section-height-default\" data-id=\"7cfe840\" data-element_type=\"section\" data-settings=\"{&quot;stretch_section&quot;:&quot;section-stretched&quot;}\">\n\t\t\t\t\t\t<div class=\"elementor-container elementor-column-gap-no\">\n\t\t\t\t\t<div class=\"elementor-column elementor-col-100 elementor-top-column elementor-element elementor-element-07dcbee\" data-id=\"07dcbee\" data-element_type=\"column\">\n\t\t\t<div class=\"elementor-widget-wrap elementor-element-populated\">\n\t\t\t\t\t\t<div class=\"elementor-element elementor-element-ab62ffa elementor-widget elementor-widget-heading\" data-id=\"ab62ffa\" data-element_type=\"widget\" data-settings=\"{&quot;ekit_we_effect_on&quot;:&quot;none&quot;}\" data-widget_type=\"heading.default\">\n\t\t\t\t<div class=\"elementor-widget-container\">\n\t\t\t\t\t<h3 class=\"elementor-heading-title elementor-size-default\">ICH M\u00d6CHTE DIE 2025 PADDLE SPORTS SHOW BESUCHEN.<\/h3>\t\t\t\t<\/div>\n\t\t\t\t<\/div>\n\t\t\t\t\t<\/div>\n\t\t<\/div>\n\t\t\t\t\t<\/div>\n\t\t<\/section>\n\t\t\t\t<section class=\"elementor-section elementor-top-section elementor-element elementor-element-b385253 elementor-section-stretched elementor-section-boxed elementor-section-height-default elementor-section-height-default\" data-id=\"b385253\" data-element_type=\"section\" data-settings=\"{&quot;stretch_section&quot;:&quot;section-stretched&quot;}\">\n\t\t\t\t\t\t<div class=\"elementor-container elementor-column-gap-no\">\n\t\t\t\t\t<div class=\"elementor-column elementor-col-100 elementor-top-column elementor-element elementor-element-6df5ce9\" data-id=\"6df5ce9\" data-element_type=\"column\">\n\t\t\t<div class=\"elementor-widget-wrap elementor-element-populated\">\n\t\t\t\t\t\t<div class=\"elementor-element elementor-element-2cf8b50 elementor-widget-divider--view-line elementor-widget elementor-widget-divider\" data-id=\"2cf8b50\" data-element_type=\"widget\" data-settings=\"{&quot;ekit_we_effect_on&quot;:&quot;none&quot;}\" data-widget_type=\"divider.default\">\n\t\t\t\t<div class=\"elementor-widget-container\">\n\t\t\t\t\t\t\t<div class=\"elementor-divider\">\n\t\t\t<span class=\"elementor-divider-separator\">\n\t\t\t\t\t\t<\/span>\n\t\t<\/div>\n\t\t\t\t\t\t<\/div>\n\t\t\t\t<\/div>\n\t\t\t\t<div class=\"elementor-element elementor-element-ea6835e elementor-align-center elementor-widget elementor-widget-button\" data-id=\"ea6835e\" data-element_type=\"widget\" data-settings=\"{&quot;ekit_we_effect_on&quot;:&quot;none&quot;}\" data-widget_type=\"button.default\">\n\t\t\t\t<div class=\"elementor-widget-container\">\n\t\t\t\t\t\t\t\t\t<div class=\"elementor-button-wrapper\">\n\t\t\t\t\t<a class=\"elementor-button elementor-button-link elementor-size-md\" href=\"https:\/\/web.prezevent.com\/6839672ea94c8b521e7a8230\/subscription\/683974d0a94c8b521e7acca0\/\" target=\"_blank\">\n\t\t\t\t\t\t<span class=\"elementor-button-content-wrapper\">\n\t\t\t\t\t\t\t\t\t<span class=\"elementor-button-text\">SCHICKEN SIE MIR EINEN EINTRITTSAUSWEIS<\/span>\n\t\t\t\t\t<\/span>\n\t\t\t\t\t<\/a>\n\t\t\t\t<\/div>\n\t\t\t\t\t\t\t\t<\/div>\n\t\t\t\t<\/div>\n\t\t\t\t<div class=\"elementor-element elementor-element-8ff5a2a elementor-widget elementor-widget-text-editor\" data-id=\"8ff5a2a\" data-element_type=\"widget\" data-settings=\"{&quot;ekit_we_effect_on&quot;:&quot;none&quot;}\" data-widget_type=\"text-editor.default\">\n\t\t\t\t<div class=\"elementor-widget-container\">\n\t\t\t\t\t\t\t\t\t<p><b>Die Paddle Sports Show findet in Stra\u00dfburg (Frankreich) vom 30. September bis 02. Oktober 2025 statt.<\/b>\u00a0Die P2S, die internationale Fachmesse der Paddelsportbranche, ist den Fachleuten der Branche\u00a0<em>(Eink\u00e4ufern, Einzelh\u00e4ndlern, Ausr\u00fcstern, Verleihern, Distributoren, Fachleuten der gesamten Branche) vorbehalten.<\/em>.\u00a0<\/p><p>Der Eintritt ist f\u00fcr Fachbesucher kostenlos.<\/p>\t\t\t\t\t\t\t\t<\/div>\n\t\t\t\t<\/div>\n\t\t\t\t\t<\/div>\n\t\t<\/div>\n\t\t\t\t\t<\/div>\n\t\t<\/section>\n\t\t\t\t<\/div>","protected":false},"excerpt":{"rendered":"<p>I WANT TO ATTEND THE 2025 PADDLE SPORTS SHOW. please send my show entry pass The Paddle Sports Show will take place in Strasbourg (France) September 30th-October 02nd 2025\u00a0\u2013 P2S, the international paddle sports industry trade show, is reserved for the industry professional\u00a0(buyers, retailers, outfitters, rental stations, distributors, industry professionals at large).\u00a0 Attendance is free [&hellip;]<\/p>","protected":false},"author":1,"featured_media":0,"parent":0,"menu_order":0,"comment_status":"closed","ping_status":"closed","template":"","meta":{"footnotes":""},"categories":[],"tags":[],"class_list":["post-3707","page","type-page","status-publish","hentry"],"_links":{"self":[{"href":"https:\/\/dev.thepaddlesportshow.com.srv04.kairios.fr\/de\/wp-json\/wp\/v2\/pages\/3707","targetHints":{"allow":["GET"]}}],"collection":[{"href":"https:\/\/dev.thepaddlesportshow.com.srv04.kairios.fr\/de\/wp-json\/wp\/v2\/pages"}],"about":[{"href":"https:\/\/dev.thepaddlesportshow.com.srv04.kairios.fr\/de\/wp-json\/wp\/v2\/types\/page"}],"author":[{"embeddable":true,"href":"https:\/\/dev.thepaddlesportshow.com.srv04.kairios.fr\/de\/wp-json\/wp\/v2\/users\/1"}],"replies":[{"embeddable":true,"href":"https:\/\/dev.thepaddlesportshow.com.srv04.kairios.fr\/de\/wp-json\/wp\/v2\/comments?post=3707"}],"version-history":[{"count":0,"href":"https:\/\/dev.thepaddlesportshow.com.srv04.kairios.fr\/de\/wp-json\/wp\/v2\/pages\/3707\/revisions"}],"wp:attachment":[{"href":"https:\/\/dev.thepaddlesportshow.com.srv04.kairios.fr\/de\/wp-json\/wp\/v2\/media?parent=3707"}],"wp:term":[{"taxonomy":"category","embeddable":true,"href":"https:\/\/dev.thepaddlesportshow.com.srv04.kairios.fr\/de\/wp-json\/wp\/v2\/categories?post=3707"},{"taxonomy":"post_tag","embeddable":true,"href":"https:\/\/dev.thepaddlesportshow.com.srv04.kairios.fr\/de\/wp-json\/wp\/v2\/tags?post=3707"}],"curies":[{"name":"wp","href":"https:\/\/api.w.org\/{rel}","templated":true}]}}