{"id":11176,"date":"2024-08-26T17:01:03","date_gmt":"2024-08-26T15:01:03","guid":{"rendered":"https:\/\/dev.thepaddlesportshow.com.srv04.kairios.fr\/?page_id=11176"},"modified":"2024-09-06T10:04:34","modified_gmt":"2024-09-06T08:04:34","slug":"film-festival-tickets","status":"publish","type":"page","link":"https:\/\/dev.thepaddlesportshow.com.srv04.kairios.fr\/de\/film-festival-tickets\/","title":{"rendered":"Film festival-tickets"},"content":{"rendered":"<div data-elementor-type=\"wp-page\" data-elementor-id=\"11176\" class=\"elementor elementor-11176\" data-elementor-post-type=\"page\">\n\t\t\t\t\t\t<section class=\"elementor-section elementor-top-section elementor-element elementor-element-b07f8b5 elementor-section-full_width elementor-section-height-default elementor-section-height-default\" data-id=\"b07f8b5\" data-element_type=\"section\">\n\t\t\t\t\t\t<div class=\"elementor-container elementor-column-gap-default\">\n\t\t\t\t\t<div class=\"elementor-column elementor-col-100 elementor-top-column elementor-element elementor-element-b0c71f1\" data-id=\"b0c71f1\" data-element_type=\"column\">\n\t\t\t<div class=\"elementor-widget-wrap elementor-element-populated\">\n\t\t\t\t\t\t<div class=\"elementor-element elementor-element-cce544a elementor-widget__width-inherit elementor-widget elementor-widget-image\" data-id=\"cce544a\" data-element_type=\"widget\" data-settings=\"{&quot;ekit_we_effect_on&quot;:&quot;none&quot;}\" data-widget_type=\"image.default\">\n\t\t\t\t<div class=\"elementor-widget-container\">\n\t\t\t\t\t\t\t\t\t\t\t\t\t\t\t<img fetchpriority=\"high\" decoding=\"async\" width=\"1536\" height=\"407\" src=\"https:\/\/dev.thepaddlesportshow.com.srv04.kairios.fr\/wp-content\/uploads\/2024\/04\/page-festival-1536x407.jpg\" class=\"attachment-1536x1536 size-1536x1536 wp-image-9044\" alt=\"\" srcset=\"https:\/\/dev.thepaddlesportshow.com.srv04.kairios.fr\/wp-content\/uploads\/2024\/04\/page-festival-1536x407.jpg 1536w, https:\/\/dev.thepaddlesportshow.com.srv04.kairios.fr\/wp-content\/uploads\/2024\/04\/page-festival-300x80.jpg 300w, https:\/\/dev.thepaddlesportshow.com.srv04.kairios.fr\/wp-content\/uploads\/2024\/04\/page-festival-1024x271.jpg 1024w, https:\/\/dev.thepaddlesportshow.com.srv04.kairios.fr\/wp-content\/uploads\/2024\/04\/page-festival-768x204.jpg 768w, https:\/\/dev.thepaddlesportshow.com.srv04.kairios.fr\/wp-content\/uploads\/2024\/04\/page-festival-18x5.jpg 18w, https:\/\/dev.thepaddlesportshow.com.srv04.kairios.fr\/wp-content\/uploads\/2024\/04\/page-festival.jpg 1920w\" sizes=\"(max-width: 1536px) 100vw, 1536px\" \/>\t\t\t\t\t\t\t\t\t\t\t\t\t\t\t<\/div>\n\t\t\t\t<\/div>\n\t\t\t\t\t<\/div>\n\t\t<\/div>\n\t\t\t\t\t<\/div>\n\t\t<\/section>\n\t\t\t\t<section class=\"elementor-section elementor-top-section elementor-element elementor-element-a8f74ce elementor-section-stretched registration elementor-section-boxed elementor-section-height-default elementor-section-height-default\" data-id=\"a8f74ce\" data-element_type=\"section\" id=\"registration\" data-settings=\"{&quot;stretch_section&quot;:&quot;section-stretched&quot;}\">\n\t\t\t\t\t\t<div class=\"elementor-container elementor-column-gap-no\">\n\t\t\t\t\t<div class=\"elementor-column elementor-col-50 elementor-top-column elementor-element elementor-element-d96e2e8\" data-id=\"d96e2e8\" data-element_type=\"column\" data-settings=\"{&quot;background_background&quot;:&quot;classic&quot;}\">\n\t\t\t<div class=\"elementor-widget-wrap elementor-element-populated\">\n\t\t\t\t\t\t<div class=\"elementor-element elementor-element-25ae6ef elementor-widget elementor-widget-text-editor\" data-id=\"25ae6ef\" data-element_type=\"widget\" data-settings=\"{&quot;ekit_we_effect_on&quot;:&quot;none&quot;}\" data-widget_type=\"text-editor.default\">\n\t\t\t\t<div class=\"elementor-widget-container\">\n\t\t\t\t\t\t\t\t\t<p><strong>ZUCKER F\u00dcR DIE AUGEN<\/strong><\/p>\t\t\t\t\t\t\t\t<\/div>\n\t\t\t\t<\/div>\n\t\t\t\t<div class=\"elementor-element elementor-element-3da9ac6 elementor-widget elementor-widget-text-editor\" data-id=\"3da9ac6\" data-element_type=\"widget\" data-settings=\"{&quot;ekit_we_effect_on&quot;:&quot;none&quot;}\" data-widget_type=\"text-editor.default\">\n\t\t\t\t<div class=\"elementor-widget-container\">\n\t\t\t\t\t\t\t\t\t<p>Die besten Paddelsportfilme des Universums!<\/p>\t\t\t\t\t\t\t\t<\/div>\n\t\t\t\t<\/div>\n\t\t\t\t<div class=\"elementor-element elementor-element-b050a8a elementor-widget elementor-widget-text-editor\" data-id=\"b050a8a\" data-element_type=\"widget\" data-settings=\"{&quot;ekit_we_effect_on&quot;:&quot;none&quot;}\" data-widget_type=\"text-editor.default\">\n\t\t\t\t<div class=\"elementor-widget-container\">\n\t\t\t\t\t\t\t\t\t<p>Das Paddle Sport Show Filmfestval feiert dieses Jahr in Stra\u00dfburg im Rahmen der Paddle Sport Show seine Premiere. Gro\u00dfer Sport, packende Abenteuer und jede Menge Emotionen entf\u00fchren Euch in die wunderbare Welt des Paddelsports. Die Festival-Bosse Philippe Doux und Olaf Obsommer alias Big-O konnten ein spannendes Programm zusammen stellen. Erleben sie hautnah Wassersport Abenteuer im Seekajak, Kanu, mit Foile, Sup und im Wildwasser.<\/p><p>Schaupl\u00e4tze wie Spitzbergen, Afrika, die Alpen oder z.B Eiswasserf\u00e4lle, die mit dem Kajak befahren werden garantieren auf einer XXL Leinwand atemberaubende Bilder.<\/p><p>Die Stars der Szene pr\u00e4sentieren ihre neuesten Abenteuer und Spitzenleistungen auf dem Niveau von National-Geographic Dokumentationen.\nSchaupl\u00e4tze wie Spitzbergen, Afrika, die Alpen oder z.B Eiswasserf\u00e4lle, die mit dem Kajak befahren werden garantieren auf einer XXL Leinwand atemberaubende Bilder.<\/p><p>Ein besonderes Highlight ist die Weltpremiere des Films \u201eGabon Uncharted: Sending Ivindo Falls\u201c. Das SEND Team ist nach Gabon in Zentralafrika aufgebrochen, um die Wasserf\u00e4lle des Ivindo zu erkunden. Ein Meisterwerk \u00fcber Freundschaft, Teamwork und Leidenschaft. Dieser Film nimmt nicht an der Award Verleihung teil. Das SEND-Team Dane Jackson, Kalob Grady und Adrian Mattern wird anwesend sein!<\/p><p>Das Filmprogramm hat eine Gesamtl\u00e4nge von rund 160 Minuten und dauert mit Pause und Interviews ca 3-4 Stunden.<\/p><p><strong>Termin: 23. September 2024<\/strong><\/p><p><strong>Veranstaltungsort:<\/strong><br \/>Palais des Congr\u00e8s Strasbourg<br \/>Pl. de Bordeaux, 67000 Strasbourg<br \/>(gegen\u00fcber dem Hotel Hilton und dem Ausstellungszentrum, in dem die Paddle Sports Show stattfindet)<br \/><strong>Eintritt:<\/strong> 18:00<br \/><strong>Beginn:<\/strong> 19:00<br \/><strong>Pause:<\/strong> 20:30 &#8211; 20:50<br \/><strong>Ende:<\/strong> 22:30<\/p><p><strong>Eintritt:<\/strong> <br \/>10\u20ac Erwachsene. <br \/>5\u20ac 14-17 Jahre. <br \/>Bis 13 Jahre Eintritt frei. <br \/>Bitte nutzt den online Vorverkauf.<\/p>\t\t\t\t\t\t\t\t<\/div>\n\t\t\t\t<\/div>\n\t\t\t\t\t<\/div>\n\t\t<\/div>\n\t\t\t\t<div class=\"elementor-column elementor-col-50 elementor-top-column elementor-element elementor-element-a66fa7d\" data-id=\"a66fa7d\" data-element_type=\"column\" data-settings=\"{&quot;background_background&quot;:&quot;classic&quot;}\">\n\t\t\t<div class=\"elementor-widget-wrap elementor-element-populated\">\n\t\t\t\t\t\t<div class=\"elementor-element elementor-element-5dd5f21 elementor-widget elementor-widget-image\" data-id=\"5dd5f21\" data-element_type=\"widget\" data-settings=\"{&quot;ekit_we_effect_on&quot;:&quot;none&quot;}\" data-widget_type=\"image.default\">\n\t\t\t\t<div class=\"elementor-widget-container\">\n\t\t\t\t\t\t\t\t\t\t\t\t\t\t\t\t<a href=\"https:\/\/shop.snapticket.de\/event\/paddle-sports-show-film-festival-hx235l?lang=de\" target=\"_blank\">\n\t\t\t\t\t\t\t<img decoding=\"async\" width=\"300\" height=\"185\" src=\"https:\/\/dev.thepaddlesportshow.com.srv04.kairios.fr\/wp-content\/uploads\/2024\/08\/ticket-300x185.png\" class=\"attachment-medium size-medium wp-image-11208\" alt=\"\" srcset=\"https:\/\/dev.thepaddlesportshow.com.srv04.kairios.fr\/wp-content\/uploads\/2024\/08\/ticket-300x185.png 300w, https:\/\/dev.thepaddlesportshow.com.srv04.kairios.fr\/wp-content\/uploads\/2024\/08\/ticket-768x473.png 768w, https:\/\/dev.thepaddlesportshow.com.srv04.kairios.fr\/wp-content\/uploads\/2024\/08\/ticket-18x12.png 18w, https:\/\/dev.thepaddlesportshow.com.srv04.kairios.fr\/wp-content\/uploads\/2024\/08\/ticket-750x465.png 750w, https:\/\/dev.thepaddlesportshow.com.srv04.kairios.fr\/wp-content\/uploads\/2024\/08\/ticket.png 1023w\" sizes=\"(max-width: 300px) 100vw, 300px\" \/>\t\t\t\t\t\t\t\t<\/a>\n\t\t\t\t\t\t\t\t\t\t\t\t\t\t\t<\/div>\n\t\t\t\t<\/div>\n\t\t\t\t<div class=\"elementor-element elementor-element-80e6321 elementor-align-center elementor-widget elementor-widget-button\" data-id=\"80e6321\" data-element_type=\"widget\" data-settings=\"{&quot;ekit_we_effect_on&quot;:&quot;none&quot;}\" data-widget_type=\"button.default\">\n\t\t\t\t<div class=\"elementor-widget-container\">\n\t\t\t\t\t\t\t\t\t<div class=\"elementor-button-wrapper\">\n\t\t\t\t\t<a class=\"elementor-button elementor-button-link elementor-size-sm\" href=\"https:\/\/shop.snapticket.de\/event\/paddle-sports-show-film-festival-hx235l?lang=de\" target=\"_blank\">\n\t\t\t\t\t\t<span class=\"elementor-button-content-wrapper\">\n\t\t\t\t\t\t\t\t\t<span class=\"elementor-button-text\">Tickets f\u00fcr Filmfestivals kaufen<\/span>\n\t\t\t\t\t<\/span>\n\t\t\t\t\t<\/a>\n\t\t\t\t<\/div>\n\t\t\t\t\t\t\t\t<\/div>\n\t\t\t\t<\/div>\n\t\t\t\t<div class=\"elementor-element elementor-element-d00647b elementor-align-center elementor-widget elementor-widget-button\" data-id=\"d00647b\" data-element_type=\"widget\" data-settings=\"{&quot;ekit_we_effect_on&quot;:&quot;none&quot;}\" data-widget_type=\"button.default\">\n\t\t\t\t<div class=\"elementor-widget-container\">\n\t\t\t\t\t\t\t\t\t<div class=\"elementor-button-wrapper\">\n\t\t\t\t\t<a class=\"elementor-button elementor-button-link elementor-size-sm\" href=\"https:\/\/dev.thepaddlesportshow.com.srv04.kairios.fr\/de\/film-festival-program\/\" target=\"_blank\">\n\t\t\t\t\t\t<span class=\"elementor-button-content-wrapper\">\n\t\t\t\t\t\t\t\t\t<span class=\"elementor-button-text\">Film Festival ProgramM<\/span>\n\t\t\t\t\t<\/span>\n\t\t\t\t\t<\/a>\n\t\t\t\t<\/div>\n\t\t\t\t\t\t\t\t<\/div>\n\t\t\t\t<\/div>\n\t\t\t\t<div class=\"elementor-element elementor-element-0e36209 elementor-widget elementor-widget-shortcode\" data-id=\"0e36209\" data-element_type=\"widget\" data-settings=\"{&quot;ekit_we_effect_on&quot;:&quot;none&quot;}\" data-widget_type=\"shortcode.default\">\n\t\t\t\t<div class=\"elementor-widget-container\">\n\t\t\t\t\t\t\t<div class=\"elementor-shortcode\"><iframe width=\"560\" height=\"315\" src=\"https:\/\/www.youtube.com\/embed\/yrfAvWE8YyM?si=L7kJtIXV1V0vq8eH\" title=\"YouTube video player\" frameborder=\"0\" allow=\"accelerometer; autoplay; clipboard-write; encrypted-media; gyroscope; picture-in-picture; web-share\" referrerpolicy=\"strict-origin-when-cross-origin\" allowfullscreen><\/iframe><\/div>\n\t\t\t\t\t\t<\/div>\n\t\t\t\t<\/div>\n\t\t\t\t\t<\/div>\n\t\t<\/div>\n\t\t\t\t\t<\/div>\n\t\t<\/section>\n\t\t\t\t<\/div>","protected":false},"excerpt":{"rendered":"<p>SUGAR FOR THE EYES The best paddle sport films of the year! The Paddle Sport Show film festival celebrates its premiere this year in Strasbourg as part of the Paddle Sport Show. Great action, thrilling adventures and lots of emotions will take you into the wonderful world of paddle sports. Festival founders Philippe Doux, and [&hellip;]<\/p>","protected":false},"author":1,"featured_media":0,"parent":0,"menu_order":0,"comment_status":"closed","ping_status":"closed","template":"template\/full-width-template.php","meta":{"footnotes":""},"categories":[],"tags":[],"class_list":["post-11176","page","type-page","status-publish","hentry"],"_links":{"self":[{"href":"https:\/\/dev.thepaddlesportshow.com.srv04.kairios.fr\/de\/wp-json\/wp\/v2\/pages\/11176","targetHints":{"allow":["GET"]}}],"collection":[{"href":"https:\/\/dev.thepaddlesportshow.com.srv04.kairios.fr\/de\/wp-json\/wp\/v2\/pages"}],"about":[{"href":"https:\/\/dev.thepaddlesportshow.com.srv04.kairios.fr\/de\/wp-json\/wp\/v2\/types\/page"}],"author":[{"embeddable":true,"href":"https:\/\/dev.thepaddlesportshow.com.srv04.kairios.fr\/de\/wp-json\/wp\/v2\/users\/1"}],"replies":[{"embeddable":true,"href":"https:\/\/dev.thepaddlesportshow.com.srv04.kairios.fr\/de\/wp-json\/wp\/v2\/comments?post=11176"}],"version-history":[{"count":0,"href":"https:\/\/dev.thepaddlesportshow.com.srv04.kairios.fr\/de\/wp-json\/wp\/v2\/pages\/11176\/revisions"}],"wp:attachment":[{"href":"https:\/\/dev.thepaddlesportshow.com.srv04.kairios.fr\/de\/wp-json\/wp\/v2\/media?parent=11176"}],"wp:term":[{"taxonomy":"category","embeddable":true,"href":"https:\/\/dev.thepaddlesportshow.com.srv04.kairios.fr\/de\/wp-json\/wp\/v2\/categories?post=11176"},{"taxonomy":"post_tag","embeddable":true,"href":"https:\/\/dev.thepaddlesportshow.com.srv04.kairios.fr\/de\/wp-json\/wp\/v2\/tags?post=11176"}],"curies":[{"name":"wp","href":"https:\/\/api.w.org\/{rel}","templated":true}]}}