{"id":11159,"date":"2024-08-26T16:47:14","date_gmt":"2024-08-26T14:47:14","guid":{"rendered":"https:\/\/dev.thepaddlesportshow.com.srv04.kairios.fr\/?page_id=11159"},"modified":"2025-04-09T12:02:29","modified_gmt":"2025-04-09T10:02:29","slug":"film-festival-enter","status":"publish","type":"page","link":"https:\/\/dev.thepaddlesportshow.com.srv04.kairios.fr\/de\/film-festival-enter\/","title":{"rendered":"Film festival-enter"},"content":{"rendered":"<div data-elementor-type=\"wp-page\" data-elementor-id=\"11159\" class=\"elementor elementor-11159\" data-elementor-post-type=\"page\">\n\t\t\t\t\t\t<section class=\"elementor-section elementor-top-section elementor-element elementor-element-b07f8b5 elementor-section-full_width elementor-section-height-default elementor-section-height-default\" data-id=\"b07f8b5\" data-element_type=\"section\">\n\t\t\t\t\t\t<div class=\"elementor-container elementor-column-gap-default\">\n\t\t\t\t\t<div class=\"elementor-column elementor-col-100 elementor-top-column elementor-element elementor-element-b0c71f1\" data-id=\"b0c71f1\" data-element_type=\"column\">\n\t\t\t<div class=\"elementor-widget-wrap elementor-element-populated\">\n\t\t\t\t\t\t<div class=\"elementor-element elementor-element-cce544a elementor-widget__width-inherit elementor-widget elementor-widget-image\" data-id=\"cce544a\" data-element_type=\"widget\" data-settings=\"{&quot;ekit_we_effect_on&quot;:&quot;none&quot;}\" data-widget_type=\"image.default\">\n\t\t\t\t<div class=\"elementor-widget-container\">\n\t\t\t\t\t\t\t\t\t\t\t\t\t\t\t<img fetchpriority=\"high\" decoding=\"async\" width=\"1536\" height=\"407\" src=\"https:\/\/dev.thepaddlesportshow.com.srv04.kairios.fr\/wp-content\/uploads\/2025\/04\/page-festival25-1536x407.jpg\" class=\"attachment-1536x1536 size-1536x1536 wp-image-13550\" alt=\"\" srcset=\"https:\/\/dev.thepaddlesportshow.com.srv04.kairios.fr\/wp-content\/uploads\/2025\/04\/page-festival25-1536x407.jpg 1536w, https:\/\/dev.thepaddlesportshow.com.srv04.kairios.fr\/wp-content\/uploads\/2025\/04\/page-festival25-300x80.jpg 300w, https:\/\/dev.thepaddlesportshow.com.srv04.kairios.fr\/wp-content\/uploads\/2025\/04\/page-festival25-1024x271.jpg 1024w, https:\/\/dev.thepaddlesportshow.com.srv04.kairios.fr\/wp-content\/uploads\/2025\/04\/page-festival25-768x204.jpg 768w, https:\/\/dev.thepaddlesportshow.com.srv04.kairios.fr\/wp-content\/uploads\/2025\/04\/page-festival25-18x5.jpg 18w, https:\/\/dev.thepaddlesportshow.com.srv04.kairios.fr\/wp-content\/uploads\/2025\/04\/page-festival25.jpg 1920w\" sizes=\"(max-width: 1536px) 100vw, 1536px\" \/>\t\t\t\t\t\t\t\t\t\t\t\t\t\t\t<\/div>\n\t\t\t\t<\/div>\n\t\t\t\t\t<\/div>\n\t\t<\/div>\n\t\t\t\t\t<\/div>\n\t\t<\/section>\n\t\t\t\t<section class=\"elementor-section elementor-top-section elementor-element elementor-element-a8f74ce registration elementor-section-height-min-height elementor-section-items-top elementor-section-boxed elementor-section-height-default\" data-id=\"a8f74ce\" data-element_type=\"section\" id=\"registration\">\n\t\t\t\t\t\t<div class=\"elementor-container elementor-column-gap-no\">\n\t\t\t\t\t<div class=\"elementor-column elementor-col-50 elementor-top-column elementor-element elementor-element-d96e2e8\" data-id=\"d96e2e8\" data-element_type=\"column\" data-settings=\"{&quot;background_background&quot;:&quot;classic&quot;}\">\n\t\t\t<div class=\"elementor-widget-wrap elementor-element-populated\">\n\t\t\t\t\t\t<div class=\"elementor-element elementor-element-f9c5cd8 elementor-widget elementor-widget-image\" data-id=\"f9c5cd8\" data-element_type=\"widget\" data-settings=\"{&quot;ekit_we_effect_on&quot;:&quot;none&quot;}\" data-widget_type=\"image.default\">\n\t\t\t\t<div class=\"elementor-widget-container\">\n\t\t\t\t\t\t\t\t\t\t\t\t\t\t\t<img decoding=\"async\" width=\"800\" height=\"533\" src=\"https:\/\/dev.thepaddlesportshow.com.srv04.kairios.fr\/wp-content\/uploads\/2025\/04\/\u00a9Paddlesportshow2024_HDraoul-getraud-3463-1024x682.jpg\" class=\"attachment-large size-large wp-image-13557\" alt=\"\" srcset=\"https:\/\/dev.thepaddlesportshow.com.srv04.kairios.fr\/wp-content\/uploads\/2025\/04\/\u00a9Paddlesportshow2024_HDraoul-getraud-3463-1024x682.jpg 1024w, https:\/\/dev.thepaddlesportshow.com.srv04.kairios.fr\/wp-content\/uploads\/2025\/04\/\u00a9Paddlesportshow2024_HDraoul-getraud-3463-300x200.jpg 300w, https:\/\/dev.thepaddlesportshow.com.srv04.kairios.fr\/wp-content\/uploads\/2025\/04\/\u00a9Paddlesportshow2024_HDraoul-getraud-3463-768x511.jpg 768w, https:\/\/dev.thepaddlesportshow.com.srv04.kairios.fr\/wp-content\/uploads\/2025\/04\/\u00a9Paddlesportshow2024_HDraoul-getraud-3463-18x12.jpg 18w, https:\/\/dev.thepaddlesportshow.com.srv04.kairios.fr\/wp-content\/uploads\/2025\/04\/\u00a9Paddlesportshow2024_HDraoul-getraud-3463.jpg 1280w\" sizes=\"(max-width: 800px) 100vw, 800px\" \/>\t\t\t\t\t\t\t\t\t\t\t\t\t\t\t<\/div>\n\t\t\t\t<\/div>\n\t\t\t\t<div class=\"elementor-element elementor-element-76fcfca elementor-widget elementor-widget-text-editor\" data-id=\"76fcfca\" data-element_type=\"widget\" data-settings=\"{&quot;ekit_we_effect_on&quot;:&quot;none&quot;}\" data-widget_type=\"text-editor.default\">\n\t\t\t\t<div class=\"elementor-widget-container\">\n\t\t\t\t\t\t\t\t\t<p><strong>Zum zweiten Mal in Folge organisiert die Paddle Sports Show parallel zur Messe das Paddle Sports Show Film Festival.<\/strong><\/p><p>Schlie\u00dfen Sie sich uns an und bringen Sie die gesamte Paddelsport-Community unter ein Dach f\u00fcr einen erstaunlichen Abend mit Paddelsport-Filmen. Jeder Paddelsport.<\/p><p>Das Filmprogramm umfasst Pr\u00e4sentationen von Regisseuren und Athleten, mit Zeit f\u00fcr Fragen und Antworten.<\/p><p><strong>Es handelt sich um einen Wettbewerb mit 1500 Euro Preisgeld f\u00fcr die Gewinner, die von einer Jury bestimmt werden. Die Gewinner werden noch am selben Abend bekannt gegeben!<\/strong><\/p><p>Das Paddle Sports Show Film Festival ist eine \u00f6ffentliche Veranstaltung, die f\u00fcr jedermann zug\u00e4nglich ist.<\/p><p><strong>Wo: <br \/><\/strong><span style=\"text-decoration: underline;\">Palais des Congr\u00e8s Strasbourg<\/span><br \/>Pl. de Bordeaux, 67000 Strasbourg<br \/>(gegen\u00fcber dem Hotel Hilton und dem Ausstellungszentrum, in dem die Paddle Sports Show stattfindet)<\/p><p><strong>Wann:<\/strong> 29. September, 19h00rd, 19h00<\/p><p><strong>Regeln:<br \/><\/strong>Die Filme m\u00fcssen einen Paddelsport zum Thema haben oder damit in Verbindung stehen!<br \/>Expeditionsberichte, Paddlerprofile, Umweltthemen, Events, Missionen, Erstbefahrungen, Weltrekorde, historische Geschichten, Ihre lokalen L\u00e4ufe - was auch immer es ist, wenn es mit Paddelsport zu tun hat, wir wollen es sehen.<\/p><p><strong>L\u00e4nge <\/strong>(zwei Kategorien)<strong><br \/><\/strong><b>Spielfilm: <\/b>30 bis unter 60 Minuten<br \/><b>Kurzfilm: <\/b>unter 30 Minuten<\/p><p><b>Cash Prize<br \/><\/b><strong>Spielfilm:<\/strong> 1000 euro\u00a0<br \/><strong>Kurzfilm:<\/strong> 500 euro\u00a0<\/p><p><strong>Sprache:<br \/><\/strong>Wenn der Film in Englisch ist, wird das Vorhandensein von deutschen Untertiteln empfohlen.<br \/>Wenn der Film nicht in Englisch ist, sollte er englische Untertitel oder eine englische Stimme aus dem Off haben.<\/p><p><strong>Fristen:<br \/><\/strong>Die Filme m\u00fcssen bis zum 15. August 2025 bei der Jury eingereicht werden.<br \/>Die endg\u00fcltige Auswahl wird am 2. September 2025 bekannt gegeben.\u2028 <br \/>(Wenn Sie ein Filmprojekt in Arbeit haben, aber diese Fristen nicht einhalten k\u00f6nnen, wenden Sie sich bitte direkt an uns).<\/p>\t\t\t\t\t\t\t\t<\/div>\n\t\t\t\t<\/div>\n\t\t\t\t\t<\/div>\n\t\t<\/div>\n\t\t\t\t<div class=\"elementor-column elementor-col-50 elementor-top-column elementor-element elementor-element-a66fa7d\" data-id=\"a66fa7d\" data-element_type=\"column\" data-settings=\"{&quot;background_background&quot;:&quot;classic&quot;}\">\n\t\t\t<div class=\"elementor-widget-wrap elementor-element-populated\">\n\t\t\t\t\t\t<div class=\"elementor-element elementor-element-e5ec720 elementor-widget elementor-widget-heading\" data-id=\"e5ec720\" data-element_type=\"widget\" data-settings=\"{&quot;ekit_we_effect_on&quot;:&quot;none&quot;}\" data-widget_type=\"heading.default\">\n\t\t\t\t<div class=\"elementor-widget-container\">\n\t\t\t\t\t<h2 class=\"elementor-heading-title elementor-size-default\">I want to enter the 2025 Film Festival<\/h2>\t\t\t\t<\/div>\n\t\t\t\t<\/div>\n\t\t\t\t<div class=\"elementor-element elementor-element-bcded90 elementor-widget-divider--view-line elementor-widget elementor-widget-divider\" data-id=\"bcded90\" data-element_type=\"widget\" data-settings=\"{&quot;ekit_we_effect_on&quot;:&quot;none&quot;}\" data-widget_type=\"divider.default\">\n\t\t\t\t<div class=\"elementor-widget-container\">\n\t\t\t\t\t\t\t<div class=\"elementor-divider\">\n\t\t\t<span class=\"elementor-divider-separator\">\n\t\t\t\t\t\t<\/span>\n\t\t<\/div>\n\t\t\t\t\t\t<\/div>\n\t\t\t\t<\/div>\n\t\t\t\t<div class=\"elementor-element elementor-element-3988ea6 elementor-button-align-stretch elementor-widget elementor-widget-form\" data-id=\"3988ea6\" data-element_type=\"widget\" data-settings=\"{&quot;step_next_label&quot;:&quot;Next&quot;,&quot;step_previous_label&quot;:&quot;Previous&quot;,&quot;button_width&quot;:&quot;100&quot;,&quot;step_type&quot;:&quot;number_text&quot;,&quot;step_icon_shape&quot;:&quot;circle&quot;,&quot;ekit_we_effect_on&quot;:&quot;none&quot;}\" data-widget_type=\"form.default\">\n\t\t\t\t<div class=\"elementor-widget-container\">\n\t\t\t\t\t\t\t<form class=\"elementor-form\" method=\"post\" id=\"new_form_ID\" name=\"Film Festival 2025 - I Want to Enter\" aria-label=\"Film Festival 2025 - I Want to Enter\" action=\"\">\n\t\t\t<input type=\"hidden\" name=\"post_id\" value=\"11159\"\/>\n\t\t\t<input type=\"hidden\" name=\"form_id\" value=\"3988ea6\"\/>\n\t\t\t<input type=\"hidden\" name=\"referer_title\" value=\"\" \/>\n\n\t\t\t\n\t\t\t<div class=\"elementor-form-fields-wrapper elementor-labels-above\">\n\t\t\t\t\t\t\t\t<div class=\"elementor-field-type-text elementor-field-group elementor-column elementor-field-group-name elementor-col-50 elementor-field-required elementor-mark-required\">\n\t\t\t\t\t\t\t\t\t\t\t\t<label for=\"form-field-name\" class=\"elementor-field-label\">\n\t\t\t\t\t\t\t\tKONTAKT NAME\t\t\t\t\t\t\t<\/label>\n\t\t\t\t\t\t\t\t\t\t\t\t\t\t<input size=\"1\" type=\"text\" name=\"form_fields[name]\" id=\"form-field-name\" class=\"elementor-field elementor-size-sm  elementor-field-textual\" required=\"required\">\n\t\t\t\t\t\t\t\t\t\t\t<\/div>\n\t\t\t\t\t\t\t\t<div class=\"elementor-field-type-text elementor-field-group elementor-column elementor-field-group-field_3330d33 elementor-col-50 elementor-field-required elementor-mark-required\">\n\t\t\t\t\t\t\t\t\t\t\t\t<label for=\"form-field-field_3330d33\" class=\"elementor-field-label\">\n\t\t\t\t\t\t\t\tFilmname\t\t\t\t\t\t\t<\/label>\n\t\t\t\t\t\t\t\t\t\t\t\t\t\t<input size=\"1\" type=\"text\" name=\"form_fields[field_3330d33]\" id=\"form-field-field_3330d33\" class=\"elementor-field elementor-size-sm  elementor-field-textual\" required=\"required\">\n\t\t\t\t\t\t\t\t\t\t\t<\/div>\n\t\t\t\t\t\t\t\t<div class=\"elementor-field-type-email elementor-field-group elementor-column elementor-field-group-email elementor-col-100 elementor-field-required elementor-mark-required\">\n\t\t\t\t\t\t\t\t\t\t\t\t<label for=\"form-field-email\" class=\"elementor-field-label\">\n\t\t\t\t\t\t\t\tIHRE EMAIL\t\t\t\t\t\t\t<\/label>\n\t\t\t\t\t\t\t\t\t\t\t\t\t\t<input size=\"1\" type=\"email\" name=\"form_fields[email]\" id=\"form-field-email\" class=\"elementor-field elementor-size-sm  elementor-field-textual\" required=\"required\">\n\t\t\t\t\t\t\t\t\t\t\t<\/div>\n\t\t\t\t\t\t\t\t<div class=\"elementor-field-type-textarea elementor-field-group elementor-column elementor-field-group-message elementor-col-100\">\n\t\t\t\t\t\t\t\t\t\t\t\t<label for=\"form-field-message\" class=\"elementor-field-label\">\n\t\t\t\t\t\t\t\tKOMMENTARE (OPTIONAL)\t\t\t\t\t\t\t<\/label>\n\t\t\t\t\t\t<textarea class=\"elementor-field-textual elementor-field  elementor-size-sm\" name=\"form_fields[message]\" id=\"form-field-message\" rows=\"4\"><\/textarea>\t\t\t\t<\/div>\n\t\t\t\t\t\t\t\t<div class=\"elementor-field-type-acceptance elementor-field-group elementor-column elementor-field-group-field_84eadf9 elementor-col-100\">\n\t\t\t\t\t\t\t\t\t\t\t\t<label for=\"form-field-field_84eadf9\" class=\"elementor-field-label\">\n\t\t\t\t\t\t\t\tNewsletter\t\t\t\t\t\t\t<\/label>\n\t\t\t\t\t\t\t\t<div class=\"elementor-field-subgroup\">\n\t\t\t<span class=\"elementor-field-option\">\n\t\t\t\t<input type=\"checkbox\" name=\"form_fields[field_84eadf9]\" id=\"form-field-field_84eadf9\" class=\"elementor-field elementor-size-sm  elementor-acceptance-field\" checked=\"checked\">\n\t\t\t\t<label for=\"form-field-field_84eadf9\">Melden Sie mich f\u00fcr den Newsletter der Show an<\/label>\t\t\t<\/span>\n\t\t<\/div>\n\t\t\t\t\t\t<\/div>\n\t\t\t\t\t\t\t\t<div class=\"elementor-field-type-recaptcha_v3 elementor-field-group elementor-column elementor-field-group-field_2f468ba elementor-col-100 recaptcha_v3-inline\">\n\t\t\t\t\t<div class=\"elementor-field\" id=\"form-field-field_2f468ba\"><div class=\"elementor-g-recaptcha\" data-sitekey=\"6LcXjuMZAAAAAP8V7-6NWnw_nJIgYeVAwiYOosk1\" data-type=\"v3\" data-action=\"Form\" data-badge=\"inline\" data-size=\"invisible\"><\/div><\/div>\t\t\t\t<\/div>\n\t\t\t\t\t\t\t\t<div class=\"elementor-field-group elementor-column elementor-field-type-submit elementor-col-100 e-form__buttons\">\n\t\t\t\t\t<button class=\"elementor-button elementor-size-sm\" type=\"submit\">\n\t\t\t\t\t\t<span class=\"elementor-button-content-wrapper\">\n\t\t\t\t\t\t\t\t\t\t\t\t\t\t\t\t\t\t\t\t\t\t<span class=\"elementor-button-text\">senden<\/span>\n\t\t\t\t\t\t\t\t\t\t\t\t\t<\/span>\n\t\t\t\t\t<\/button>\n\t\t\t\t<\/div>\n\t\t\t<\/div>\n\t\t<input type=\"hidden\" name=\"trp-form-language\" value=\"de\"\/><\/form>\n\t\t\t\t\t\t<\/div>\n\t\t\t\t<\/div>\n\t\t\t\t<div class=\"elementor-element elementor-element-df6bbfb elementor-widget elementor-widget-menu-anchor\" data-id=\"df6bbfb\" data-element_type=\"widget\" data-settings=\"{&quot;ekit_we_effect_on&quot;:&quot;none&quot;}\" data-widget_type=\"menu-anchor.default\">\n\t\t\t\t<div class=\"elementor-widget-container\">\n\t\t\t\t\t\t\t<div class=\"elementor-menu-anchor\" id=\"list\"><\/div>\n\t\t\t\t\t\t<\/div>\n\t\t\t\t<\/div>\n\t\t\t\t\t<\/div>\n\t\t<\/div>\n\t\t\t\t\t<\/div>\n\t\t<\/section>\n\t\t\t\t<\/div>","protected":false},"excerpt":{"rendered":"<p>For the second year running, the Paddle Sports Show is organising the Paddle Sports Show Film Festival alongside the show. Join us in bringing the entire paddle sports community under one roof for an amazing evening of Paddle Sports cinematography. Any Paddle Sports. The film program includes presentations from directors and athletes, with time for [&hellip;]<\/p>","protected":false},"author":1,"featured_media":0,"parent":0,"menu_order":0,"comment_status":"closed","ping_status":"closed","template":"template\/full-width-template.php","meta":{"footnotes":""},"categories":[],"tags":[],"class_list":["post-11159","page","type-page","status-publish","hentry"],"_links":{"self":[{"href":"https:\/\/dev.thepaddlesportshow.com.srv04.kairios.fr\/de\/wp-json\/wp\/v2\/pages\/11159","targetHints":{"allow":["GET"]}}],"collection":[{"href":"https:\/\/dev.thepaddlesportshow.com.srv04.kairios.fr\/de\/wp-json\/wp\/v2\/pages"}],"about":[{"href":"https:\/\/dev.thepaddlesportshow.com.srv04.kairios.fr\/de\/wp-json\/wp\/v2\/types\/page"}],"author":[{"embeddable":true,"href":"https:\/\/dev.thepaddlesportshow.com.srv04.kairios.fr\/de\/wp-json\/wp\/v2\/users\/1"}],"replies":[{"embeddable":true,"href":"https:\/\/dev.thepaddlesportshow.com.srv04.kairios.fr\/de\/wp-json\/wp\/v2\/comments?post=11159"}],"version-history":[{"count":0,"href":"https:\/\/dev.thepaddlesportshow.com.srv04.kairios.fr\/de\/wp-json\/wp\/v2\/pages\/11159\/revisions"}],"wp:attachment":[{"href":"https:\/\/dev.thepaddlesportshow.com.srv04.kairios.fr\/de\/wp-json\/wp\/v2\/media?parent=11159"}],"wp:term":[{"taxonomy":"category","embeddable":true,"href":"https:\/\/dev.thepaddlesportshow.com.srv04.kairios.fr\/de\/wp-json\/wp\/v2\/categories?post=11159"},{"taxonomy":"post_tag","embeddable":true,"href":"https:\/\/dev.thepaddlesportshow.com.srv04.kairios.fr\/de\/wp-json\/wp\/v2\/tags?post=11159"}],"curies":[{"name":"wp","href":"https:\/\/api.w.org\/{rel}","templated":true}]}}